{"id":228,"date":"2025-03-15T10:41:59","date_gmt":"2025-03-15T10:41:59","guid":{"rendered":"https:\/\/alexisalcantud.com\/?page_id=228"},"modified":"2025-12-29T22:27:27","modified_gmt":"2025-12-29T22:27:27","slug":"terapia-sistemica-y-constelaciones-familiares","status":"publish","type":"page","link":"https:\/\/alexisalcantud.com\/?page_id=228","title":{"rendered":"Terapia Sist\u00e9mica y Constelaciones Familiares"},"content":{"rendered":"\t\t<div data-elementor-type=\"wp-page\" data-elementor-id=\"228\" class=\"elementor elementor-228\" data-elementor-post-type=\"page\">\n\t\t\t\t\t\t<section class=\"elementor-section elementor-top-section elementor-element elementor-element-9721218 elementor-section-boxed elementor-section-height-default elementor-section-height-default\" data-id=\"9721218\" data-element_type=\"section\">\n\t\t\t\t\t\t<div class=\"elementor-container elementor-column-gap-default\">\n\t\t\t\t\t<div class=\"elementor-column elementor-col-100 elementor-top-column elementor-element elementor-element-aab554c\" data-id=\"aab554c\" data-element_type=\"column\">\n\t\t\t<div class=\"elementor-widget-wrap elementor-element-populated\">\n\t\t\t\t\t\t\t<\/div>\n\t\t<\/div>\n\t\t\t\t\t<\/div>\n\t\t<\/section>\n\t\t\t\t<section class=\"elementor-section elementor-top-section elementor-element elementor-element-5cc6471 elementor-section-boxed elementor-section-height-default elementor-section-height-default\" data-id=\"5cc6471\" data-element_type=\"section\">\n\t\t\t\t\t\t<div class=\"elementor-container elementor-column-gap-default\">\n\t\t\t\t\t<div class=\"elementor-column elementor-col-100 elementor-top-column elementor-element elementor-element-7c6ac00\" data-id=\"7c6ac00\" data-element_type=\"column\">\n\t\t\t<div class=\"elementor-widget-wrap elementor-element-populated\">\n\t\t\t\t\t\t<div class=\"elementor-element elementor-element-1649516 elementor-widget elementor-widget-text-editor\" data-id=\"1649516\" data-element_type=\"widget\" data-widget_type=\"text-editor.default\">\n\t\t\t\t<div class=\"elementor-widget-container\">\n\t\t\t<style>\/*! elementor - v3.23.0 - 05-08-2024 *\/\n.elementor-widget-text-editor.elementor-drop-cap-view-stacked .elementor-drop-cap{background-color:#69727d;color:#fff}.elementor-widget-text-editor.elementor-drop-cap-view-framed .elementor-drop-cap{color:#69727d;border:3px solid;background-color:transparent}.elementor-widget-text-editor:not(.elementor-drop-cap-view-default) .elementor-drop-cap{margin-top:8px}.elementor-widget-text-editor:not(.elementor-drop-cap-view-default) .elementor-drop-cap-letter{width:1em;height:1em}.elementor-widget-text-editor .elementor-drop-cap{float:left;text-align:center;line-height:1;font-size:50px}.elementor-widget-text-editor .elementor-drop-cap-letter{display:inline-block}<\/style>\t\t\t\t<p>Nuestra historia familiar es un entramado de amor, desaf\u00edos y aprendizajes que influye en nuestra vida sin que seamos conscientes. Repetimos patrones, cargamos dolores que no nos pertenecen y sentimos bloqueos sin explicaci\u00f3n aparente. Las Constelaciones Familiares y la Terapia Sist\u00e9mica son un camino de sanaci\u00f3n profunda que nos permite ver y liberar las din\u00e1micas inconscientes que nos hacen repetir din\u00e1micas relacionales que nos llevan directos a vincularnos de manera insatisfactoria. A trav\u00e9s de esta poderosa herramienta, podemos restaurar el equilibrio en nuestro sistema familiar y reconectar con nuestra verdadera esencia.<\/p><p>\u00bfC\u00f3mo es una sesi\u00f3n conmigo?<\/p><p>-Exploraci\u00f3n del campo sist\u00e9mico:<span style=\"font-size: 16px;\">\u00a0 En un espacio seguro y amoroso, te gu\u00edo para descubrir los lazos invisibles que pueden estar influyendo en tu vida.<\/span><\/p><p>\u00a0En sesi\u00f3n individual, trabajo con Playmobil, anclajes, y visualizaci\u00f3n. Las sesiones tienen una duraci\u00f3n de 2 horas aproximadamente.<\/p><p>\u00bfQu\u00e9 se puede trabajar en una constelaci\u00f3n?<\/p><p>-Relaciones familiares y de pareja.<\/p><p>-Conflictos con padres, hermanos o hijos.<\/p><p>-Dificultad para encontrar o mantener una pareja.<\/p><p>-Patrones repetitivos en relaciones amorosas.<\/p><p>-Sentimientos de exclusi\u00f3n o desconexi\u00f3n con la familia.<\/p><p>-Sanaci\u00f3n del linaje materno y paterno.<\/p><p>2. Salud y bienestar emocional:<\/p><p>-Enfermedades cr\u00f3nicas o s\u00edntomas sin explicaci\u00f3n m\u00e9dica.<\/p><p>-Ansiedad, depresi\u00f3n o emociones dif\u00edciles de manejar.<\/p><p>-Sensaci\u00f3n de vac\u00edo, culpa o tristeza sin raz\u00f3n aparente.<\/p><p>-Dificultad para poner l\u00edmites y priorizarte.<\/p><p>3. Abundancia y prop\u00f3sito de vida<\/p><p>-Bloqueos en el trabajo o en la econom\u00eda.<\/p><p>-Dificultad para encontrar el prop\u00f3sito de vida.<\/p><p>-Autoestima baja o sensaci\u00f3n de no merecimiento.<\/p><p>-Patrones de escasez heredados de la familia.<\/p><p>4. Herencias y v\u00ednculos con el pasado<\/p><p>-Secretos familiares o eventos traum\u00e1ticos en la familia.<\/p><p>-Abortos, p\u00e9rdidas o duelos no procesados.<\/p><p>-Adopci\u00f3n y b\u00fasqueda de identidad.<\/p><p>Si sientes que alg\u00fan aspecto de tu vida se repite o est\u00e1 bloqueado, una<\/p><p>constelaci\u00f3n puede ayudarte a descubrir su ra\u00edz y liberarlo.<\/p><p>Cuando sanamos nuestra historia familiar, no s\u00f3lo nos liberamos a nosotros mismos, sino que tambi\u00e9n liberamos a nuestros hijos de cargar con dolor que no les pertenece.<\/p><p>Agenda tu sesi\u00f3n conmigo y te guiar\u00e9 a d\u00f3nde mirar para sanar.<\/p>\t\t\t\t\t\t<\/div>\n\t\t\t\t<\/div>\n\t\t\t\t\t<\/div>\n\t\t<\/div>\n\t\t\t\t\t<\/div>\n\t\t<\/section>\n\t\t\t\t<section class=\"elementor-section elementor-top-section elementor-element elementor-element-8c30084 elementor-section-boxed elementor-section-height-default elementor-section-height-default\" data-id=\"8c30084\" data-element_type=\"section\">\n\t\t\t\t\t\t<div class=\"elementor-container elementor-column-gap-default\">\n\t\t\t\t\t<div class=\"elementor-column elementor-col-25 elementor-top-column elementor-element elementor-element-b48f14a\" data-id=\"b48f14a\" data-element_type=\"column\">\n\t\t\t<div class=\"elementor-widget-wrap\">\n\t\t\t\t\t\t\t<\/div>\n\t\t<\/div>\n\t\t\t\t<div class=\"elementor-column elementor-col-25 elementor-top-column elementor-element elementor-element-a9d838d\" data-id=\"a9d838d\" data-element_type=\"column\">\n\t\t\t<div class=\"elementor-widget-wrap elementor-element-populated\">\n\t\t\t\t\t\t<div class=\"elementor-element elementor-element-1039a57 elementor-view-default elementor-widget elementor-widget-icon\" data-id=\"1039a57\" data-element_type=\"widget\" data-widget_type=\"icon.default\">\n\t\t\t\t<div class=\"elementor-widget-container\">\n\t\t\t\t\t<div class=\"elementor-icon-wrapper\">\n\t\t\t<a class=\"elementor-icon\" href=\"https:\/\/chat.whatsapp.com\/By3OHExSoTvDErGuu82AXf\">\n\t\t\t<svg aria-hidden=\"true\" class=\"e-font-icon-svg e-fab-whatsapp\" viewBox=\"0 0 448 512\" xmlns=\"http:\/\/www.w3.org\/2000\/svg\"><path d=\"M380.9 97.1C339 55.1 283.2 32 223.9 32c-122.4 0-222 99.6-222 222 0 39.1 10.2 77.3 29.6 111L0 480l117.7-30.9c32.4 17.7 68.9 27 106.1 27h.1c122.3 0 224.1-99.6 224.1-222 0-59.3-25.2-115-67.1-157zm-157 341.6c-33.2 0-65.7-8.9-94-25.7l-6.7-4-69.8 18.3L72 359.2l-4.4-7c-18.5-29.4-28.2-63.3-28.2-98.2 0-101.7 82.8-184.5 184.6-184.5 49.3 0 95.6 19.2 130.4 54.1 34.8 34.9 56.2 81.2 56.1 130.5 0 101.8-84.9 184.6-186.6 184.6zm101.2-138.2c-5.5-2.8-32.8-16.2-37.9-18-5.1-1.9-8.8-2.8-12.5 2.8-3.7 5.6-14.3 18-17.6 21.8-3.2 3.7-6.5 4.2-12 1.4-32.6-16.3-54-29.1-75.5-66-5.7-9.8 5.7-9.1 16.3-30.3 1.8-3.7.9-6.9-.5-9.7-1.4-2.8-12.5-30.1-17.1-41.2-4.5-10.8-9.1-9.3-12.5-9.5-3.2-.2-6.9-.2-10.6-.2-3.7 0-9.7 1.4-14.8 6.9-5.1 5.6-19.4 19-19.4 46.3 0 27.3 19.9 53.7 22.6 57.4 2.8 3.7 39.1 59.7 94.8 83.8 35.2 15.2 49 16.5 66.6 13.9 10.7-1.6 32.8-13.4 37.4-26.4 4.6-13 4.6-24.1 3.2-26.4-1.3-2.5-5-3.9-10.5-6.6z\"><\/path><\/svg>\t\t\t<\/a>\n\t\t<\/div>\n\t\t\t\t<\/div>\n\t\t\t\t<\/div>\n\t\t\t\t\t<\/div>\n\t\t<\/div>\n\t\t\t\t<div class=\"elementor-column elementor-col-25 elementor-top-column elementor-element elementor-element-108c431\" data-id=\"108c431\" data-element_type=\"column\">\n\t\t\t<div class=\"elementor-widget-wrap elementor-element-populated\">\n\t\t\t\t\t\t<div class=\"elementor-element elementor-element-80f2318 elementor-view-default elementor-widget elementor-widget-icon\" data-id=\"80f2318\" data-element_type=\"widget\" data-widget_type=\"icon.default\">\n\t\t\t\t<div class=\"elementor-widget-container\">\n\t\t\t\t\t<div class=\"elementor-icon-wrapper\">\n\t\t\t<a class=\"elementor-icon\" href=\"https:\/\/alexisalcantud.com\/?page_id=168\">\n\t\t\t<svg aria-hidden=\"true\" class=\"e-font-icon-svg e-far-envelope\" viewBox=\"0 0 512 512\" xmlns=\"http:\/\/www.w3.org\/2000\/svg\"><path d=\"M464 64H48C21.49 64 0 85.49 0 112v288c0 26.51 21.49 48 48 48h416c26.51 0 48-21.49 48-48V112c0-26.51-21.49-48-48-48zm0 48v40.805c-22.422 18.259-58.168 46.651-134.587 106.49-16.841 13.247-50.201 45.072-73.413 44.701-23.208.375-56.579-31.459-73.413-44.701C106.18 199.465 70.425 171.067 48 152.805V112h416zM48 400V214.398c22.914 18.251 55.409 43.862 104.938 82.646 21.857 17.205 60.134 55.186 103.062 54.955 42.717.231 80.509-37.199 103.053-54.947 49.528-38.783 82.032-64.401 104.947-82.653V400H48z\"><\/path><\/svg>\t\t\t<\/a>\n\t\t<\/div>\n\t\t\t\t<\/div>\n\t\t\t\t<\/div>\n\t\t\t\t\t<\/div>\n\t\t<\/div>\n\t\t\t\t<div class=\"elementor-column elementor-col-25 elementor-top-column elementor-element elementor-element-cabd620\" data-id=\"cabd620\" data-element_type=\"column\">\n\t\t\t<div class=\"elementor-widget-wrap\">\n\t\t\t\t\t\t\t<\/div>\n\t\t<\/div>\n\t\t\t\t\t<\/div>\n\t\t<\/section>\n\t\t\t\t<\/div>\n\t\t","protected":false},"excerpt":{"rendered":"<p>Nuestra historia familiar es un entramado de amor, desaf\u00edos y aprendizajes que influye en nuestra vida sin que seamos conscientes. [&hellip;]<\/p>\n","protected":false},"author":1,"featured_media":0,"parent":0,"menu_order":0,"comment_status":"closed","ping_status":"closed","template":"","meta":{"site-sidebar-layout":"no-sidebar","site-content-layout":"","ast-site-content-layout":"full-width-container","site-content-style":"default","site-sidebar-style":"default","ast-global-header-display":"","ast-banner-title-visibility":"","ast-main-header-display":"","ast-hfb-above-header-display":"","ast-hfb-below-header-display":"","ast-hfb-mobile-header-display":"","site-post-title":"disabled","ast-breadcrumbs-content":"","ast-featured-img":"disabled","footer-sml-layout":"","theme-transparent-header-meta":"","adv-header-id-meta":"","stick-header-meta":"","header-above-stick-meta":"","header-main-stick-meta":"","header-below-stick-meta":"","astra-migrate-meta-layouts":"default","ast-page-background-enabled":"default","ast-page-background-meta":{"desktop":{"background-color":"var(--ast-global-color-4)","background-image":"","background-repeat":"repeat","background-position":"center center","background-size":"auto","background-attachment":"scroll","background-type":"","background-media":"","overlay-type":"","overlay-color":"","overlay-opacity":"","overlay-gradient":""},"tablet":{"background-color":"","background-image":"","background-repeat":"repeat","background-position":"center center","background-size":"auto","background-attachment":"scroll","background-type":"","background-media":"","overlay-type":"","overlay-color":"","overlay-opacity":"","overlay-gradient":""},"mobile":{"background-color":"","background-image":"","background-repeat":"repeat","background-position":"center center","background-size":"auto","background-attachment":"scroll","background-type":"","background-media":"","overlay-type":"","overlay-color":"","overlay-opacity":"","overlay-gradient":""}},"ast-content-background-meta":{"desktop":{"background-color":"var(--ast-global-color-5)","background-image":"","background-repeat":"repeat","background-position":"center center","background-size":"auto","background-attachment":"scroll","background-type":"","background-media":"","overlay-type":"","overlay-color":"","overlay-opacity":"","overlay-gradient":""},"tablet":{"background-color":"var(--ast-global-color-5)","background-image":"","background-repeat":"repeat","background-position":"center center","background-size":"auto","background-attachment":"scroll","background-type":"","background-media":"","overlay-type":"","overlay-color":"","overlay-opacity":"","overlay-gradient":""},"mobile":{"background-color":"var(--ast-global-color-5)","background-image":"","background-repeat":"repeat","background-position":"center center","background-size":"auto","background-attachment":"scroll","background-type":"","background-media":"","overlay-type":"","overlay-color":"","overlay-opacity":"","overlay-gradient":""}},"footnotes":""},"class_list":["post-228","page","type-page","status-publish","hentry"],"_links":{"self":[{"href":"https:\/\/alexisalcantud.com\/index.php?rest_route=\/wp\/v2\/pages\/228","targetHints":{"allow":["GET"]}}],"collection":[{"href":"https:\/\/alexisalcantud.com\/index.php?rest_route=\/wp\/v2\/pages"}],"about":[{"href":"https:\/\/alexisalcantud.com\/index.php?rest_route=\/wp\/v2\/types\/page"}],"author":[{"embeddable":true,"href":"https:\/\/alexisalcantud.com\/index.php?rest_route=\/wp\/v2\/users\/1"}],"replies":[{"embeddable":true,"href":"https:\/\/alexisalcantud.com\/index.php?rest_route=%2Fwp%2Fv2%2Fcomments&post=228"}],"version-history":[{"count":10,"href":"https:\/\/alexisalcantud.com\/index.php?rest_route=\/wp\/v2\/pages\/228\/revisions"}],"predecessor-version":[{"id":572,"href":"https:\/\/alexisalcantud.com\/index.php?rest_route=\/wp\/v2\/pages\/228\/revisions\/572"}],"wp:attachment":[{"href":"https:\/\/alexisalcantud.com\/index.php?rest_route=%2Fwp%2Fv2%2Fmedia&parent=228"}],"curies":[{"name":"wp","href":"https:\/\/api.w.org\/{rel}","templated":true}]}}